{"id":579,"date":"2022-12-19T07:49:04","date_gmt":"2022-12-19T07:49:04","guid":{"rendered":"https:\/\/devlewis.com\/jobs\/colegiomineiro\/?page_id=579"},"modified":"2022-12-19T08:18:11","modified_gmt":"2022-12-19T08:18:11","slug":"nossa-historia","status":"publish","type":"page","link":"https:\/\/devlewis.com\/jobs\/colegiomineiro\/nossa-historia\/","title":{"rendered":"Nossa Hist\u00f3ria"},"content":{"rendered":"\t\t<div data-elementor-type=\"wp-page\" data-elementor-id=\"579\" class=\"elementor elementor-579\">\n\t\t\t\t\t\t\t<div class=\"elementor-element elementor-element-3635186 e-con-boxed e-con\" data-id=\"3635186\" data-element_type=\"container\" data-settings=\"{&quot;content_width&quot;:&quot;boxed&quot;}\">\n\t\t\t\t\t<div class=\"e-con-inner\">\n\t\t\t\t<div class=\"elementor-element elementor-element-01449c8 elementor-widget elementor-widget-image\" data-id=\"01449c8\" data-element_type=\"widget\" data-widget_type=\"image.default\">\n\t\t\t\t<div class=\"elementor-widget-container\">\n\t\t\t<style>\/*! elementor - v3.9.2 - 21-12-2022 *\/\n.elementor-widget-image{text-align:center}.elementor-widget-image a{display:inline-block}.elementor-widget-image a img[src$=\".svg\"]{width:48px}.elementor-widget-image img{vertical-align:middle;display:inline-block}<\/style>\t\t\t\t\t\t\t\t\t\t\t\t<img loading=\"lazy\" decoding=\"async\" width=\"680\" height=\"484\" src=\"https:\/\/devlewis.com\/jobs\/colegiomineiro\/wp-content\/uploads\/2022\/12\/unnamed.jpeg\" class=\"attachment-large size-large wp-image-614\" alt=\"\" srcset=\"https:\/\/devlewis.com\/jobs\/colegiomineiro\/wp-content\/uploads\/2022\/12\/unnamed.jpeg 680w, https:\/\/devlewis.com\/jobs\/colegiomineiro\/wp-content\/uploads\/2022\/12\/unnamed-300x214.jpeg 300w\" sizes=\"auto, (max-width: 680px) 100vw, 680px\" \/>\t\t\t\t\t\t\t\t\t\t\t\t\t\t\t<\/div>\n\t\t\t\t<\/div>\n\t\t\t\t\t<\/div>\n\t\t\t\t<\/div>\n\t\t<div class=\"elementor-element elementor-element-15ef112 e-con-boxed e-con\" data-id=\"15ef112\" data-element_type=\"container\" data-settings=\"{&quot;content_width&quot;:&quot;boxed&quot;}\">\n\t\t\t\t\t<div class=\"e-con-inner\">\n\t\t\t\t<div class=\"elementor-element elementor-element-087a859 elementor-blockquote--button-view-text elementor-blockquote--skin-border elementor-blockquote--button-skin-classic elementor-blockquote--button-color-official elementor-widget elementor-widget-blockquote\" data-id=\"087a859\" data-element_type=\"widget\" data-widget_type=\"blockquote.default\">\n\t\t\t\t<div class=\"elementor-widget-container\">\n\t\t\t<style>\/*! pro-elements - v3.8.0 - 30-10-2022 *\/\n@charset \"UTF-8\";.entry-content blockquote.elementor-blockquote:not(.alignright):not(.alignleft),.entry-summary blockquote.elementor-blockquote{margin-right:0;margin-left:0}.elementor-widget-blockquote blockquote{margin:0;padding:0;outline:0;font-size:100%;vertical-align:baseline;background:transparent;quotes:none;border:0;font-style:normal;color:#55595c}.elementor-widget-blockquote blockquote:after,.elementor-widget-blockquote blockquote:before,.elementor-widget-blockquote blockquote cite:after,.elementor-widget-blockquote blockquote cite:before,.elementor-widget-blockquote blockquote footer:after,.elementor-widget-blockquote blockquote footer:before{content:\"\";content:none}.elementor-blockquote{-webkit-transition:.3s;-o-transition:.3s;transition:.3s}.elementor-blockquote__author,.elementor-blockquote__content{margin-bottom:0;font-style:normal}.elementor-blockquote__author{font-weight:700}.elementor-blockquote footer{margin-top:12px;display:-webkit-box;display:-ms-flexbox;display:flex;-webkit-box-pack:justify;-ms-flex-pack:justify;justify-content:space-between}.elementor-blockquote__tweet-button{display:-webkit-box;display:-ms-flexbox;display:flex;-webkit-transition:.3s;-o-transition:.3s;transition:.3s;color:#1da1f2;-ms-flex-item-align:end;align-self:flex-end;line-height:1;position:relative;width:-webkit-max-content;width:-moz-max-content;width:max-content}.elementor-blockquote__tweet-button:hover{color:#0967a0}.elementor-blockquote__tweet-button span{font-weight:600}.elementor-blockquote__tweet-button i,.elementor-blockquote__tweet-button span{vertical-align:middle}.elementor-blockquote__tweet-button i+span,.elementor-blockquote__tweet-button svg+span{margin-left:.5em}.elementor-blockquote__tweet-button svg{fill:#1da1f2;height:1em;width:1em}.elementor-blockquote__tweet-label{white-space:pre-wrap}.elementor-blockquote--button-skin-bubble .elementor-blockquote__tweet-button,.elementor-blockquote--button-skin-classic .elementor-blockquote__tweet-button{padding:.7em 1.2em;border-radius:100em;background-color:#1da1f2;color:#fff;font-size:15px}.elementor-blockquote--button-skin-bubble .elementor-blockquote__tweet-button:hover,.elementor-blockquote--button-skin-classic .elementor-blockquote__tweet-button:hover{background-color:#0967a0;color:#fff}.elementor-blockquote--button-skin-bubble .elementor-blockquote__tweet-button:hover:before,.elementor-blockquote--button-skin-classic .elementor-blockquote__tweet-button:hover:before{border-right-color:#0967a0}.elementor-blockquote--button-skin-bubble .elementor-blockquote__tweet-button svg,.elementor-blockquote--button-skin-classic .elementor-blockquote__tweet-button svg{fill:#fff;height:1em;width:1em}.elementor-blockquote--button-skin-bubble.elementor-blockquote--button-view-icon .elementor-blockquote__tweet-button,.elementor-blockquote--button-skin-classic.elementor-blockquote--button-view-icon .elementor-blockquote__tweet-button{padding:0;width:2em;height:2em}.elementor-blockquote--button-skin-bubble.elementor-blockquote--button-view-icon .elementor-blockquote__tweet-button i,.elementor-blockquote--button-skin-classic.elementor-blockquote--button-view-icon .elementor-blockquote__tweet-button i{position:absolute;left:50%;top:50%;-webkit-transform:translate(-50%,-50%);-ms-transform:translate(-50%,-50%);transform:translate(-50%,-50%)}.elementor-blockquote--button-skin-bubble .elementor-blockquote__tweet-button:before{content:\"\";border:.5em solid transparent;border-right-color:#1da1f2;position:absolute;left:-.8em;top:50%;-webkit-transform:translateY(-50%) scaleY(.65);-ms-transform:translateY(-50%) scaleY(.65);transform:translateY(-50%) scaleY(.65);-webkit-transition:.3s;-o-transition:.3s;transition:.3s}.elementor-blockquote--button-skin-bubble.elementor-blockquote--align-left .elementor-blockquote__tweet-button:before{right:auto;left:-.8em;border-right-color:#1da1f2;border-left-color:transparent}.elementor-blockquote--button-skin-bubble.elementor-blockquote--align-left .elementor-blockquote__tweet-button:hover:before{border-right-color:#0967a0}.elementor-blockquote--button-skin-bubble.elementor-blockquote--align-right .elementor-blockquote__tweet-button:before{left:auto;right:-.8em;border-right-color:transparent;border-left-color:#1da1f2}.elementor-blockquote--button-skin-bubble.elementor-blockquote--align-right .elementor-blockquote__tweet-button:hover:before{border-left-color:#0967a0}.elementor-blockquote--skin-boxed .elementor-blockquote{background-color:#e6e9ec;padding:30px}.elementor-blockquote--skin-border .elementor-blockquote{border-color:#e6e9ec;border-left:7px #e6e9ec;border-style:solid;padding-left:20px}.elementor-blockquote--skin-quotation .elementor-blockquote:before{content:\"\u201c\";font-size:100px;color:#e6e9ec;font-family:Times New Roman,Times,serif;font-weight:900;line-height:1;display:block;height:.6em}.elementor-blockquote--skin-quotation .elementor-blockquote__content{margin-top:15px}.elementor-blockquote--align-left .elementor-blockquote__content{text-align:left}.elementor-blockquote--align-left .elementor-blockquote footer{-webkit-box-orient:horizontal;-webkit-box-direction:normal;-ms-flex-direction:row;flex-direction:row}.elementor-blockquote--align-right .elementor-blockquote__content{text-align:right}.elementor-blockquote--align-right .elementor-blockquote footer{-webkit-box-orient:horizontal;-webkit-box-direction:reverse;-ms-flex-direction:row-reverse;flex-direction:row-reverse}.elementor-blockquote--align-center .elementor-blockquote{text-align:center}.elementor-blockquote--align-center .elementor-blockquote__author,.elementor-blockquote--align-center .elementor-blockquote footer{display:block}.elementor-blockquote--align-center .elementor-blockquote__tweet-button{margin-right:auto;margin-left:auto}<\/style>\t\t<blockquote class=\"elementor-blockquote\">\n\t\t\t<p class=\"elementor-blockquote__content\">\n\t\t\t\tH\u00e1 mais de 28 anos proporcionando um aprendizado din\u00e2mico e integrado enriquecendo a vida escolar de seus alunos.\t\t\t<\/p>\n\t\t\t\t\t\t\t<footer>\n\t\t\t\t\t\t\t\t\t\t\t<cite class=\"elementor-blockquote__author\">Col\u00e9gio Mineiro desde 1994<\/cite>\n\t\t\t\t\t\t\t\t\t\t\t\t\t\t\t\t<a href=\"https:\/\/twitter.com\/intent\/tweet?text=H%C3%A1+mais+de+28+anos+proporcionando+um+aprendizado+din%C3%A2mico+e+integrado+enriquecendo+a+vida+escolar+de+seus+alunos.+%E2%80%94+Col%C3%A9gio+Mineiro+desde+1994&amp;url=https%3A%2F%2Fdevlewis.com%2Fjobs%2Fcolegiomineiro%2Fjobs%2Fcolegiomineiro%2Fwp-json%2Fwp%2Fv2%2Fpages%2F579\" class=\"elementor-blockquote__tweet-button\" target=\"_blank\">\n\t\t\t\t\t\t\t\t\t\t\t\t\t\t\t\t\t\t\t\t\t\t<span class=\"elementor-blockquote__tweet-label\">+28 anos<\/span>\n\t\t\t\t\t\t\t\t\t\t\t\t\t<\/a>\n\t\t\t\t\t\t\t\t\t<\/footer>\n\t\t\t\t\t<\/blockquote>\n\t\t\t\t<\/div>\n\t\t\t\t<\/div>\n\t\t\t\t\t<\/div>\n\t\t\t\t<\/div>\n\t\t<div class=\"elementor-element elementor-element-d759db0 e-con-boxed e-con\" data-id=\"d759db0\" data-element_type=\"container\" data-settings=\"{&quot;content_width&quot;:&quot;boxed&quot;}\">\n\t\t\t\t\t<div class=\"e-con-inner\">\n\t\t\t\t<div class=\"elementor-element elementor-element-ad19519 elementor-widget elementor-widget-text-editor\" data-id=\"ad19519\" data-element_type=\"widget\" data-widget_type=\"text-editor.default\">\n\t\t\t\t<div class=\"elementor-widget-container\">\n\t\t\t<style>\/*! elementor - v3.9.2 - 21-12-2022 *\/\n.elementor-widget-text-editor.elementor-drop-cap-view-stacked .elementor-drop-cap{background-color:#818a91;color:#fff}.elementor-widget-text-editor.elementor-drop-cap-view-framed .elementor-drop-cap{color:#818a91;border:3px solid;background-color:transparent}.elementor-widget-text-editor:not(.elementor-drop-cap-view-default) .elementor-drop-cap{margin-top:8px}.elementor-widget-text-editor:not(.elementor-drop-cap-view-default) .elementor-drop-cap-letter{width:1em;height:1em}.elementor-widget-text-editor .elementor-drop-cap{float:left;text-align:center;line-height:1;font-size:50px}.elementor-widget-text-editor .elementor-drop-cap-letter{display:inline-block}<\/style>\t\t\t\t<div class=\"wrap mcb-wrap mcb-wrap-8cff18742 one-second  valign-top clearfix\" data-col=\"one-second\"><div class=\"mcb-wrap-inner\"><div class=\"column mcb-column mcb-item-130936afa one column_column\"><div class=\"column_attr clearfix\"><p>Em 1\u00ba de mar\u00e7o de 1918, os mission\u00e1rios americanos Dr. Otis e prof.\u00aa Ephig\u00eania Maddox deram in\u00edcio a um projeto vision\u00e1rio que j\u00e1 completou um s\u00e9culo de exist\u00eancia: o Col\u00e9gio Batista Mineiro. A institui\u00e7\u00e3o \u00e9 um marco nas comunidades batista e mineira, j\u00e1 tendo impactado milhares de vidas, entre estudantes, fam\u00edlias atendidas, colaboradores e professores.<\/p><p>Abrigado \u00e0 \u00e9poca da inaugura\u00e7\u00e3o na Primeira Igreja Batista de Belo Horizonte, o Col\u00e9gio come\u00e7ou com uma turma de 13 alunos. Atualmente, a escola atende do\u00a0<a title=\"Ber\u00e7\u00e1rio\" href=\"http:\/\/redebatista.edu.br\/bercario\/\" target=\"_blank\" rel=\"noopener\">Ber\u00e7\u00e1rio<\/a>\u00a0ao\u00a0<a title=\"Ensino M\u00e9dio\" href=\"https:\/\/colegiobatistamineiro.com.br\/ensino-medio\" target=\"_blank\" rel=\"noopener\">Ensino M\u00e9dio<\/a>\u00a0e tem unidades nos bairros Floresta (<a title=\"S\u00e9ries Iniciais\" href=\"https:\/\/colegiobatistamineiro.com.br\/unidades\/bh-floresta-series-iniciais\/\" target=\"_blank\" rel=\"noopener\">S\u00e9ries Iniciais<\/a>\u00a0e\u00a0<a title=\"S\u00e9ries Finais\" href=\"https:\/\/colegiobatistamineiro.com.br\/unidades\/bh-floresta-series-finais\/\" target=\"_blank\" rel=\"noopener\">S\u00e9ries Finais<\/a>), Buritis (<a title=\"Buritis I\" href=\"https:\/\/colegiobatistamineiro.com.br\/unidades\/bh-buritis-1\/\" target=\"_blank\" rel=\"noopener\">Buritis I<\/a>\u00a0e\u00a0<a title=\"Buritis II\" href=\"https:\/\/colegiobatistamineiro.com.br\/unidades\/bh-buritis-2\" target=\"_blank\" rel=\"noopener\">Buritis II<\/a>) e\u00a0<a title=\"Castelo\" href=\"https:\/\/colegiobatistamineiro.com.br\/unidades\/bh-castelo\" target=\"_blank\" rel=\"noopener\">Castelo<\/a>, localizados em Belo Horizonte, e nas cidades de\u00a0<a title=\"Betim\" href=\"https:\/\/colegiobatistamineiro.com.br\/unidades\/betim\" target=\"_blank\" rel=\"noopener\">Betim<\/a>,\u00a0<a title=\"Ouro Branco\" href=\"https:\/\/colegiobatistamineiro.com.br\/unidades\/ouro-branco\" target=\"_blank\" rel=\"noopener\">Ouro Branco<\/a>,\u00a0<a title=\"Sete Lagoas\" href=\"https:\/\/colegiobatistamineiro.com.br\/unidades\/sete-lagoas\" target=\"_blank\" rel=\"noopener\">Sete Lagoas<\/a>\u00a0e Uberl\u00e2ndia (<a title=\"Uberl\u00e2ndia I\" href=\"https:\/\/colegiobatistamineiro.com.br\/unidades\/uberlandia-1\" target=\"_blank\" rel=\"noopener\">Uberl\u00e2ndia I<\/a>\u00a0e\u00a0<a title=\"Uberl\u00e2ndia II\" href=\"https:\/\/colegiobatistamineiro.com.br\/unidades\/uberlandia-2\" target=\"_blank\" rel=\"noopener\">Uberl\u00e2ndia II<\/a>) e Nova Lima (<a title=\"Nova Lima\" href=\"https:\/\/colegiobatistamineiro.com.br\/unidades\/alphaville-nova-lima\/\" target=\"_blank\" rel=\"noopener\">Alphaville<\/a>). A institui\u00e7\u00e3o tamb\u00e9m se modernizou em termos de estrutura f\u00edsica e curricular, e passou a ofertar diferenciais na educa\u00e7\u00e3o como ensino\u00a0<a title=\"Bil\u00edngue\" href=\"https:\/\/colegiobatistamineiro.com.br\/batista-bilingue\" target=\"_blank\" rel=\"noopener\">bil\u00edngue<\/a>\u00a0e ensino de\u00a0<a title=\"Rob\u00f3tica\" href=\"https:\/\/colegiobatistamineiro.com.br\/robotica\" target=\"_blank\" rel=\"noopener\">rob\u00f3tica<\/a>.<\/p><\/div><\/div><\/div><\/div><div class=\"wrap mcb-wrap mcb-wrap-88cc2a21c one-second left-50 valign-top clearfix\" data-col=\"one-second\"><div class=\"mcb-wrap-inner\"><div class=\"column mcb-column mcb-item-ca61b1da7 one column_column\"><div class=\"column_attr clearfix\"><div class=\"box-cinza\"><p>O Col\u00e9gio evoluiu e hoje integra uma das mais relevantes redes de ensino do Brasil: a Rede Batista de Educa\u00e7\u00e3o, cuja mantenedora \u00e9 a Junta de Educa\u00e7\u00e3o da Conven\u00e7\u00e3o Batista Mineira, criada em 1943. Ao todo, 16 unidades educacionais integram a Rede Batista, incluindo as escolas de\u00a0<a title=\"Esportes\" href=\"http:\/\/redebatista.edu.br\/esportes\/\" target=\"_blank\" rel=\"noopener\">esportes<\/a>, de\u00a0<a title=\"Idiomas\" href=\"http:\/\/redebatista.edu.br\/idiomas\" target=\"_blank\" rel=\"noopener\">idiomas<\/a>\u00a0e de\u00a0<a title=\"M\u00fasica\" href=\"http:\/\/redebatista.edu.br\/musica\/\" target=\"_blank\" rel=\"noopener\">m\u00fasica<\/a>. Soma-se ainda a esse trabalho a unidade social do Col\u00e9gio Batista em\u00a0<a title=\"Nova Contagem\" href=\"http:\/\/redebatista.edu.br\/responsabilidade-social\/unidade-social-nova-contagem\/\" target=\"_blank\" rel=\"noopener\">Nova Contagem<\/a>, onde \u00e9 ofertada educa\u00e7\u00e3o gratuita a crian\u00e7as em situa\u00e7\u00e3o de vulnerabilidade social e econ\u00f4mica. Com a gra\u00e7a de Deus, a Rede Batista tem crescido e atualmente recebe em m\u00e9dia cerca de nove mil estudantes por ano.<\/p><\/div><\/div><\/div><\/div><\/div><div class=\"wrap mcb-wrap mcb-wrap-ab7bd4896 one top-30 valign-top clearfix\" data-col=\"one\"><div class=\"mcb-wrap-inner\"><div class=\"column mcb-column mcb-item-d634110d8 one column_column bottom-50\"><div class=\"column_attr clearfix\"><p>Pautada em um projeto pedag\u00f3gico consistente, a Rede Batista de Educa\u00e7\u00e3o foca na\u00a0<a title=\"Educa\u00e7\u00e3o integral\" href=\"http:\/\/redebatista.edu.br\/conheca\/missao-visao-e-valores\/\" target=\"_blank\" rel=\"noopener\">educa\u00e7\u00e3o integral<\/a>\u00a0do ser humano, que une o melhor do conhecimento cient\u00edfico ao\u00a0<a title=\"Desenvolvimento socioemocional\" href=\"https:\/\/colegiobatistamineiro.com.br\/programa-socio-emocional\" target=\"_blank\" rel=\"noopener\">desenvolvimento socioemocional<\/a>\u00a0a partir de um relacionamento maduro entre ensino, cultura e f\u00e9, proporcionando uma forma\u00e7\u00e3o com base no prop\u00f3sito de Deus. Dessa forma, a Rede Batista tem contribu\u00eddo para que os estudantes alcancem n\u00edveis de excel\u00eancia nas dimens\u00f5es f\u00edsica, intelectual, moral e espiritual, por meio de um ensino que privilegia a constru\u00e7\u00e3o do car\u00e1ter.<\/p><\/div><\/div><\/div><\/div>\t\t\t\t\t\t<\/div>\n\t\t\t\t<\/div>\n\t\t\t\t\t<\/div>\n\t\t\t\t<\/div>\n\t\t\t\t\t\t\t<\/div>\n\t\t","protected":false},"excerpt":{"rendered":"<p>H\u00e1 mais de 28 anos proporcionando um aprendizado din\u00e2mico e integrado enriquecendo a vida escolar de seus alunos. Col\u00e9gio Mineiro desde 1994 +28 anos Em 1\u00ba de mar\u00e7o de 1918, os mission\u00e1rios americanos Dr. Otis e prof.\u00aa Ephig\u00eania Maddox deram in\u00edcio a um projeto vision\u00e1rio que j\u00e1 completou um s\u00e9culo de exist\u00eancia: o Col\u00e9gio Batista [&hellip;]<\/p>\n","protected":false},"author":1,"featured_media":0,"parent":0,"menu_order":0,"comment_status":"closed","ping_status":"closed","template":"elementor_header_footer","meta":{"footnotes":""},"class_list":["post-579","page","type-page","status-publish","hentry"],"_links":{"self":[{"href":"https:\/\/devlewis.com\/jobs\/colegiomineiro\/wp-json\/wp\/v2\/pages\/579","targetHints":{"allow":["GET"]}}],"collection":[{"href":"https:\/\/devlewis.com\/jobs\/colegiomineiro\/wp-json\/wp\/v2\/pages"}],"about":[{"href":"https:\/\/devlewis.com\/jobs\/colegiomineiro\/wp-json\/wp\/v2\/types\/page"}],"author":[{"embeddable":true,"href":"https:\/\/devlewis.com\/jobs\/colegiomineiro\/wp-json\/wp\/v2\/users\/1"}],"replies":[{"embeddable":true,"href":"https:\/\/devlewis.com\/jobs\/colegiomineiro\/wp-json\/wp\/v2\/comments?post=579"}],"version-history":[{"count":4,"href":"https:\/\/devlewis.com\/jobs\/colegiomineiro\/wp-json\/wp\/v2\/pages\/579\/revisions"}],"predecessor-version":[{"id":618,"href":"https:\/\/devlewis.com\/jobs\/colegiomineiro\/wp-json\/wp\/v2\/pages\/579\/revisions\/618"}],"wp:attachment":[{"href":"https:\/\/devlewis.com\/jobs\/colegiomineiro\/wp-json\/wp\/v2\/media?parent=579"}],"curies":[{"name":"wp","href":"https:\/\/api.w.org\/{rel}","templated":true}]}}